{"id":3407,"date":"2023-08-15T15:02:08","date_gmt":"2023-08-15T12:02:08","guid":{"rendered":"http:\/\/sammysotel.com\/?post_type=product&#038;p=3407"},"modified":"2026-03-01T12:40:14","modified_gmt":"2026-03-01T10:40:14","slug":"suit-twin-room","status":"publish","type":"product","link":"https:\/\/sammysotel.com\/tr\/product\/suit-twin-room\/","title":{"rendered":"Suit \u0130kiz Oda"},"content":{"rendered":"<div class=\"title\">\u0130mkanlar: Oturma Odas\u0131, Balkon, TV, Mini Bar, Kasa, \u00dccretsiz Wifi, Klima \u00dcniteleri, \u00c7ay ve Kahve Servisi<\/div>\n<div class=\"row p-4\">\n<h5>Oda Hakk\u0131nda<\/h5>\n<div class=\"w-100\">\n<ul>\n<li>Klima<\/li>\n<li>Balkon \/ Teras<\/li>\n<li>Para \u00e7ekmecesi<\/li>\n<li>Dolap<\/li>\n<li>Telefon (\u00d6demeli)<\/li>\n<li>LCD TV<\/li>\n<li>Uydu \/ Kablolu Yay\u0131n<\/li>\n<li>Kablosuz \u0130nternet (\u00dccretsiz)<\/li>\n<li>Minibar (\u00dccretli)<\/li>\n<li>Banyo Malzemeleri<\/li>\n<li>Havlu<\/li>\n<li>Du\u015f<\/li>\n<li>Sa\u00e7 kurutma makinesi<\/li>\n<li>Gard\u0131rop<\/li>\n<li><span class=\"d-block\">Bah\u00e7e manzaras\u0131<\/span><i class=\"hricon hricon-wifi\"><\/i><i class=\"hricon hricon-hair-dryer\"><\/i><\/li>\n<li><i class=\"hricon hricon-in-room-safe\"><\/i><span class=\"d-block\">Oda kasas\u0131<\/span><\/li>\n<li><i class=\"hricon hricon-non-smoking\"><\/i><span class=\"d-block\">Sigara i\u00e7ilmez<\/span><i class=\"hricon hricon-check\"><\/i><\/li>\n<li><i class=\"hricon hricon-check\"><\/i><span class=\"d-block\">\u00c7ekyat<\/span><\/li>\n<\/ul>\n<\/div>\n<\/div>\n<div class=\"row p-4\"><\/div>","protected":false},"excerpt":{"rendered":"<div class=\"title\">\n<div class=\"title\">\u0130mkanlar: Oturma Odas\u0131, Balkon, TV, Mini Bar, Kasa, \u00dccretsiz Wifi, Klima \u00dcniteleri, \u00c7ay ve Kahve Servisi<\/div>\n<\/div>","protected":false},"featured_media":4566,"template":"","meta":{"_themeisle_gutenberg_block_has_review":false},"product_cat":[32],"product_tag":[],"class_list":["post-3407","product","type-product","status-publish","has-post-thumbnail","hentry","product_cat-rooms"],"yoast_head":"<!-- This site is optimized with the Yoast SEO plugin v26.1.1 - https:\/\/yoast.com\/wordpress\/plugins\/seo\/ -->\n<title>Suit Twin Room - Sammy&#039;s Hotel<\/title>\n<meta name=\"robots\" content=\"noindex, follow\" \/>\n<meta property=\"og:locale\" content=\"tr_TR\" \/>\n<meta property=\"og:type\" content=\"article\" \/>\n<meta property=\"og:title\" content=\"Suit Twin Room - Sammy&#039;s Hotel\" \/>\n<meta property=\"og:description\" content=\"Facilities: Living room, Balcony, TV, Mini Bar, Safe, Free Wifi, Air Conditioning Units, Tea and Coffee Service\" \/>\n<meta property=\"og:url\" content=\"https:\/\/sammysotel.com\/tr\/urun\/suit-twin-room\/\" \/>\n<meta property=\"og:site_name\" content=\"Sammy&#039;s Hotel\" \/>\n<meta property=\"article:modified_time\" content=\"2026-03-01T10:40:14+00:00\" \/>\n<meta property=\"og:image\" content=\"https:\/\/sammysotel.com\/wp-content\/uploads\/2023\/08\/sammys-hotel-suit-twin-room-12.jpg\" \/>\n\t<meta property=\"og:image:width\" content=\"1200\" \/>\n\t<meta property=\"og:image:height\" content=\"1800\" \/>\n\t<meta property=\"og:image:type\" content=\"image\/jpeg\" \/>\n<meta name=\"twitter:card\" content=\"summary_large_image\" \/>\n<script type=\"application\/ld+json\" class=\"yoast-schema-graph\">{\"@context\":\"https:\/\/schema.org\",\"@graph\":[{\"@type\":\"WebPage\",\"@id\":\"https:\/\/sammysotel.com\/product\/suit-twin-room\/\",\"url\":\"https:\/\/sammysotel.com\/product\/suit-twin-room\/\",\"name\":\"Suit Twin Room - Sammy&#039;s Hotel\",\"isPartOf\":{\"@id\":\"https:\/\/sammysotel.com\/#website\"},\"primaryImageOfPage\":{\"@id\":\"https:\/\/sammysotel.com\/product\/suit-twin-room\/#primaryimage\"},\"image\":{\"@id\":\"https:\/\/sammysotel.com\/product\/suit-twin-room\/#primaryimage\"},\"thumbnailUrl\":\"https:\/\/sammysotel.com\/wp-content\/uploads\/2023\/08\/sammys-hotel-suit-twin-room-12.jpg\",\"datePublished\":\"2023-08-15T12:02:08+00:00\",\"dateModified\":\"2026-03-01T10:40:14+00:00\",\"breadcrumb\":{\"@id\":\"https:\/\/sammysotel.com\/product\/suit-twin-room\/#breadcrumb\"},\"inLanguage\":\"tr\",\"potentialAction\":[{\"@type\":\"ReadAction\",\"target\":[\"https:\/\/sammysotel.com\/product\/suit-twin-room\/\"]}]},{\"@type\":\"ImageObject\",\"inLanguage\":\"tr\",\"@id\":\"https:\/\/sammysotel.com\/product\/suit-twin-room\/#primaryimage\",\"url\":\"https:\/\/sammysotel.com\/wp-content\/uploads\/2023\/08\/sammys-hotel-suit-twin-room-12.jpg\",\"contentUrl\":\"https:\/\/sammysotel.com\/wp-content\/uploads\/2023\/08\/sammys-hotel-suit-twin-room-12.jpg\",\"width\":1200,\"height\":1800,\"caption\":\"Sammys Hotel Suit Twin Room\"},{\"@type\":\"BreadcrumbList\",\"@id\":\"https:\/\/sammysotel.com\/product\/suit-twin-room\/#breadcrumb\",\"itemListElement\":[{\"@type\":\"ListItem\",\"position\":1,\"name\":\"Anasayfa\",\"item\":\"https:\/\/sammysotel.com\/\"},{\"@type\":\"ListItem\",\"position\":2,\"name\":\"Products\",\"item\":\"https:\/\/sammysotel.com\/shop\/\"},{\"@type\":\"ListItem\",\"position\":3,\"name\":\"Suit Twin Room\"}]},{\"@type\":\"WebSite\",\"@id\":\"https:\/\/sammysotel.com\/#website\",\"url\":\"https:\/\/sammysotel.com\/\",\"name\":\"Sammys Hotel\",\"description\":\"Where Comfort and Elegance Embrace Every Stay\",\"publisher\":{\"@id\":\"https:\/\/sammysotel.com\/#organization\"},\"potentialAction\":[{\"@type\":\"SearchAction\",\"target\":{\"@type\":\"EntryPoint\",\"urlTemplate\":\"https:\/\/sammysotel.com\/?s={search_term_string}\"},\"query-input\":{\"@type\":\"PropertyValueSpecification\",\"valueRequired\":true,\"valueName\":\"search_term_string\"}}],\"inLanguage\":\"tr\"},{\"@type\":\"Organization\",\"@id\":\"https:\/\/sammysotel.com\/#organization\",\"name\":\"Sammys Hotel\",\"url\":\"https:\/\/sammysotel.com\/\",\"logo\":{\"@type\":\"ImageObject\",\"inLanguage\":\"tr\",\"@id\":\"https:\/\/sammysotel.com\/#\/schema\/logo\/image\/\",\"url\":\"https:\/\/sammysotel.com\/wp-content\/uploads\/2023\/08\/sammys-logo-white-02.png\",\"contentUrl\":\"https:\/\/sammysotel.com\/wp-content\/uploads\/2023\/08\/sammys-logo-white-02.png\",\"width\":636,\"height\":245,\"caption\":\"Sammys Hotel\"},\"image\":{\"@id\":\"https:\/\/sammysotel.com\/#\/schema\/logo\/image\/\"},\"sameAs\":[\"https:\/\/www.tripadvisor.com\/Hotel_Review-g190378-d602177-Reviews-Sammy_s_Hotel-Kyrenia_Kyrenia_District.html\"]}]}<\/script>\n<!-- \/ Yoast SEO plugin. -->","yoast_head_json":{"title":"Suit Twin Room - Sammy&#039;s Hotel","robots":{"index":"noindex","follow":"follow"},"og_locale":"tr_TR","og_type":"article","og_title":"Suit Twin Room - Sammy&#039;s Hotel","og_description":"Facilities: Living room, Balcony, TV, Mini Bar, Safe, Free Wifi, Air Conditioning Units, Tea and Coffee Service","og_url":"https:\/\/sammysotel.com\/tr\/urun\/suit-twin-room\/","og_site_name":"Sammy&#039;s Hotel","article_modified_time":"2026-03-01T10:40:14+00:00","og_image":[{"width":1200,"height":1800,"url":"https:\/\/sammysotel.com\/wp-content\/uploads\/2023\/08\/sammys-hotel-suit-twin-room-12.jpg","type":"image\/jpeg"}],"twitter_card":"summary_large_image","schema":{"@context":"https:\/\/schema.org","@graph":[{"@type":"WebPage","@id":"https:\/\/sammysotel.com\/product\/suit-twin-room\/","url":"https:\/\/sammysotel.com\/product\/suit-twin-room\/","name":"Suit Twin Room - Sammy&#039;s Hotel","isPartOf":{"@id":"https:\/\/sammysotel.com\/#website"},"primaryImageOfPage":{"@id":"https:\/\/sammysotel.com\/product\/suit-twin-room\/#primaryimage"},"image":{"@id":"https:\/\/sammysotel.com\/product\/suit-twin-room\/#primaryimage"},"thumbnailUrl":"https:\/\/sammysotel.com\/wp-content\/uploads\/2023\/08\/sammys-hotel-suit-twin-room-12.jpg","datePublished":"2023-08-15T12:02:08+00:00","dateModified":"2026-03-01T10:40:14+00:00","breadcrumb":{"@id":"https:\/\/sammysotel.com\/product\/suit-twin-room\/#breadcrumb"},"inLanguage":"tr","potentialAction":[{"@type":"ReadAction","target":["https:\/\/sammysotel.com\/product\/suit-twin-room\/"]}]},{"@type":"ImageObject","inLanguage":"tr","@id":"https:\/\/sammysotel.com\/product\/suit-twin-room\/#primaryimage","url":"https:\/\/sammysotel.com\/wp-content\/uploads\/2023\/08\/sammys-hotel-suit-twin-room-12.jpg","contentUrl":"https:\/\/sammysotel.com\/wp-content\/uploads\/2023\/08\/sammys-hotel-suit-twin-room-12.jpg","width":1200,"height":1800,"caption":"Sammys Hotel Suit Twin Room"},{"@type":"BreadcrumbList","@id":"https:\/\/sammysotel.com\/product\/suit-twin-room\/#breadcrumb","itemListElement":[{"@type":"ListItem","position":1,"name":"Anasayfa","item":"https:\/\/sammysotel.com\/"},{"@type":"ListItem","position":2,"name":"Products","item":"https:\/\/sammysotel.com\/shop\/"},{"@type":"ListItem","position":3,"name":"Suit Twin Room"}]},{"@type":"WebSite","@id":"https:\/\/sammysotel.com\/#website","url":"https:\/\/sammysotel.com\/","name":"Sammys Hotel","description":"Where Comfort and Elegance Embrace Every Stay","publisher":{"@id":"https:\/\/sammysotel.com\/#organization"},"potentialAction":[{"@type":"SearchAction","target":{"@type":"EntryPoint","urlTemplate":"https:\/\/sammysotel.com\/?s={search_term_string}"},"query-input":{"@type":"PropertyValueSpecification","valueRequired":true,"valueName":"search_term_string"}}],"inLanguage":"tr"},{"@type":"Organization","@id":"https:\/\/sammysotel.com\/#organization","name":"Sammys Hotel","url":"https:\/\/sammysotel.com\/","logo":{"@type":"ImageObject","inLanguage":"tr","@id":"https:\/\/sammysotel.com\/#\/schema\/logo\/image\/","url":"https:\/\/sammysotel.com\/wp-content\/uploads\/2023\/08\/sammys-logo-white-02.png","contentUrl":"https:\/\/sammysotel.com\/wp-content\/uploads\/2023\/08\/sammys-logo-white-02.png","width":636,"height":245,"caption":"Sammys Hotel"},"image":{"@id":"https:\/\/sammysotel.com\/#\/schema\/logo\/image\/"},"sameAs":["https:\/\/www.tripadvisor.com\/Hotel_Review-g190378-d602177-Reviews-Sammy_s_Hotel-Kyrenia_Kyrenia_District.html"]}]}},"_links":{"self":[{"href":"https:\/\/sammysotel.com\/tr\/wp-json\/wp\/v2\/product\/3407","targetHints":{"allow":["GET"]}}],"collection":[{"href":"https:\/\/sammysotel.com\/tr\/wp-json\/wp\/v2\/product"}],"about":[{"href":"https:\/\/sammysotel.com\/tr\/wp-json\/wp\/v2\/types\/product"}],"wp:featuredmedia":[{"embeddable":true,"href":"https:\/\/sammysotel.com\/tr\/wp-json\/wp\/v2\/media\/4566"}],"wp:attachment":[{"href":"https:\/\/sammysotel.com\/tr\/wp-json\/wp\/v2\/media?parent=3407"}],"wp:term":[{"taxonomy":"product_cat","embeddable":true,"href":"https:\/\/sammysotel.com\/tr\/wp-json\/wp\/v2\/product_cat?post=3407"},{"taxonomy":"product_tag","embeddable":true,"href":"https:\/\/sammysotel.com\/tr\/wp-json\/wp\/v2\/product_tag?post=3407"}],"curies":[{"name":"wp","href":"https:\/\/api.w.org\/{rel}","templated":true}]}}