{"id":4527,"date":"2025-10-27T17:33:24","date_gmt":"2025-10-27T15:33:24","guid":{"rendered":"https:\/\/sammysotel.com\/?page_id=4527"},"modified":"2025-10-27T17:33:25","modified_gmt":"2025-10-27T15:33:25","slug":"payment-and-reservation-confirmation","status":"publish","type":"page","link":"https:\/\/sammysotel.com\/tr\/payment-and-reservation-confirmation\/","title":{"rendered":"\u00d6deme Ve Rezervasyon Onay\u0131"},"content":{"rendered":"<p>Sammy's Hotel'de g\u00fcvenli, h\u0131zl\u0131 ve kolay bir rezervasyon deneyimi sunmay\u0131 hedefliyoruz. Web sitemiz \u00fczerinden yapaca\u011f\u0131n\u0131z \u00f6demeler ve rezervasyonunuzun kesinle\u015fme s\u00fcreci hakk\u0131nda bilmeniz gerekenler a\u015fa\u011f\u0131da detayland\u0131r\u0131lm\u0131\u015ft\u0131r.<\/p>\n\n\n\n<ol class=\"wp-block-list\">\n<li>\u00d6DEME Y\u00d6NTEMLER\u0130<\/li>\n<\/ol>\n\n\n\n<p>Otelimiz, online rezervasyonlar\u0131n\u0131z i\u00e7in a\u015fa\u011f\u0131daki \u00f6deme y\u00f6ntemlerini kabul etmektedir:<\/p>\n\n\n\n<p>Kredi Kart\u0131 ile Online \u00d6deme: Web sitemiz \u00fczerinden Visa, MasterCard ve Troy logolu t\u00fcm kredi kartlar\u0131n\u0131z ile g\u00fcvenli bir \u015fekilde tek \u00e7ekim \u00f6deme yapabilirsiniz. \u00d6deme altyap\u0131m\u0131z, bilgilerinizi korumak i\u00e7in SSL (Secure Sockets Layer) sertifikas\u0131 ile \u015fifrelenmi\u015ftir ve 3D Secure g\u00fcvenlik protokol\u00fc ile desteklenmektedir. Online \u00f6demeniz ba\u015far\u0131l\u0131 bir \u015fekilde tamamland\u0131\u011f\u0131nda, rezervasyonunuz an\u0131nda onaylan\u0131r ve toplam tutar kredi kart\u0131n\u0131zdan tahsil edilir.<\/p>\n\n\n\n<p>Banka Havalesi veya EFT (Elektronik Fon Transferi) ile \u00d6deme: Dilerseniz rezervasyon bedelini banka hesab\u0131m\u0131za Havale veya EFT yoluyla da \u00f6deyebilirsiniz<\/p>\n\n\n\n<p>\u00d6nemli Not: Havale\/EFT ile yapaca\u011f\u0131n\u0131z \u00f6demelerde, a\u00e7\u0131klama k\u0131sm\u0131na size verilen rezervasyon numaras\u0131n\u0131 ve konaklayacak ki\u015finin ad\u0131n\u0131-soyad\u0131n\u0131 yazman\u0131z zorunludur. A\u00e7\u0131klamas\u0131 olmayan \u00f6demeler i\u015fleme al\u0131namayabilir. Rezervasyonunuz, \u00f6demeniz hesab\u0131m\u0131za ula\u015ft\u0131ktan ve taraf\u0131m\u0131zca teyit edildikten sonra kesinlik kazanacakt\u0131r.<\/p>\n\n\n\n<ol start=\"2\" class=\"wp-block-list\">\n<li>REZERVASYON ONAYI (H\u0130ZMET\u0130N TESL\u0130MATI)<\/li>\n<\/ol>\n\n\n\n<p>Onay S\u00fcreci: \u00d6demeniz ba\u015far\u0131l\u0131 bir \u015fekilde tamamland\u0131ktan sonra, rezervasyonunuz an\u0131nda sistemimize i\u015flenir ve kesinle\u015fir.<\/p>\n\n\n\n<p>Onay E-Postas\u0131: Rezervasyonunuzun kesinle\u015fmesini takiben, rezervasyon s\u0131ras\u0131nda belirtti\u011finiz e-posta adresinize t\u00fcm konaklama detaylar\u0131n\u0131z\u0131 (giri\u015f-\u00e7\u0131k\u0131\u015f tarihleri, oda tipi, \u00f6denen tutar, rezervasyon numaras\u0131 vb.) i\u00e7eren bir \"Rezervasyon Onay Belgesi\" otomatik olarak g\u00f6nderilecektir. Bu belge, hizmetin size teslim edildi\u011fini teyit eder.<\/p>\n\n\n\n<p>E-Posta Ula\u015fmazsa: Onay e-postas\u0131n\u0131n 25 dakika i\u00e7inde Gelen Kutunuza ula\u015fmamas\u0131 durumunda, l\u00fctfen e-postan\u0131z\u0131n \"Spam\" veya \"Gereksiz\" klas\u00f6rlerini kontrol ediniz. E-postay\u0131 bulamaman\u0131z halinde, l\u00fctfen bizimle ileti\u015fime ge\u00e7iniz.<\/p>\n\n\n\n<ol start=\"3\" class=\"wp-block-list\">\n<li>\u00d6DEME TAK\u0130B\u0130 VE G\u00dcVENL\u0130K<\/li>\n<\/ol>\n\n\n\n<p>Ba\u015far\u0131s\u0131z \u0130\u015flemler: Kredi kart\u0131 \u00f6deme i\u015flemi herhangi bir sorun nedeniyle (limit yetersizli\u011fi, hatal\u0131 kart bilgisi, banka ba\u011flant\u0131 sorunu vb.) ger\u00e7ekle\u015ftirilemezse, \u00f6deme sayfas\u0131nda bu durum size bir uyar\u0131 mesaj\u0131 ile bildirilir.<\/p>\n\n\n\n<p>Bilgi Teyidi: Belirtti\u011finiz e-posta adresinin ge\u00e7erlili\u011fi, rezervasyon sonras\u0131 g\u00f6nderilen otomatik onay e-postas\u0131 ile teyit edilmektedir. \u0130leti\u015fim bilgilerinizin do\u011frulu\u011fu, size ula\u015fabilmemiz a\u00e7\u0131s\u0131ndan b\u00fcy\u00fck \u00f6nem ta\u015f\u0131maktad\u0131r.<\/p>\n\n\n\n<p>Sorumlulu\u011fumuz: Taraf\u0131m\u0131zca t\u00fcm \u00f6deme ve rezervasyon s\u00fcre\u00e7lerinizin g\u00fcvenli bir \u015fekilde y\u00fcr\u00fct\u00fclmesi esast\u0131r. Kredi kart\u0131 sistemini kulland\u0131\u011f\u0131m\u0131z banka ve \u00f6deme kurulu\u015flar\u0131na kar\u015f\u0131 da bu sorumlulu\u011fu ta\u015f\u0131maktay\u0131z.<\/p>\n\n\n\n<p>L\u00fctfen Dikkat Ediniz!<\/p>\n\n\n\n<ul class=\"wp-block-list\">\n<li>Online rezervasyon s\u0131ras\u0131nda \u00f6deme i\u00e7in kullan\u0131lan kredi kart\u0131n\u0131n, otele giri\u015f (check-in) esnas\u0131nda g\u00fcvenlik teyidi amac\u0131yla ibraz edilmesi istenebilir.<\/li>\n\n\n\n<li>Otele giri\u015f s\u0131ras\u0131nda t\u00fcm misafirlerin ge\u00e7erli bir kimlik belgesi (T.C. Kimlik Kart\u0131, Pasaport) ibraz etmesi yasal bir zorunluluktur.<\/li>\n\n\n\n<li>Rezervasyonunuzun \"\u0130adesiz\" oldu\u011funu ve olas\u0131 iptal durumlar\u0131nda \u00fccret iadesi yap\u0131lmayaca\u011f\u0131n\u0131 hat\u0131rlat\u0131r\u0131z. Detayl\u0131 bilgi i\u00e7in \"\u0130ptal ve \u0130ade Ko\u015fullar\u0131\" sayfam\u0131z\u0131 inceleyebilirsiniz.<\/li>\n<\/ul>\n\n\n\n<p>\u00d6deme ve rezervasyon s\u00fcreci ile ilgili her t\u00fcrl\u00fc sorunuz i\u00e7in bizimle ileti\u015fime ge\u00e7mekten \u00e7ekinmeyiniz.<\/p>","protected":false},"excerpt":{"rendered":"<p>At Sammy's Hotel, we aim to provide a secure, fast, and easy reservation experience. Below, you can find detailed information about payments made through our website and the confirmation process of your reservation. Our hotel accepts the following payment methods for online reservations: Credit Card Payment: You can securely make a one-time payment with any [&hellip;]<\/p>","protected":false},"author":2,"featured_media":0,"parent":0,"menu_order":0,"comment_status":"closed","ping_status":"closed","template":"","meta":{"_themeisle_gutenberg_block_has_review":false,"footnotes":""},"class_list":["post-4527","page","type-page","status-publish","hentry"],"yoast_head":"<!-- This site is optimized with the Yoast SEO plugin v26.1.1 - https:\/\/yoast.com\/wordpress\/plugins\/seo\/ -->\n<title>Payment and Reservation Confirmation - Sammy&#039;s Hotel<\/title>\n<meta name=\"robots\" content=\"index, follow, max-snippet:-1, max-image-preview:large, max-video-preview:-1\" \/>\n<link rel=\"canonical\" href=\"https:\/\/sammysotel.com\/tr\/payment-and-reservation-confirmation\/\" \/>\n<meta property=\"og:locale\" content=\"tr_TR\" \/>\n<meta property=\"og:type\" content=\"article\" \/>\n<meta property=\"og:title\" content=\"Payment and Reservation Confirmation - Sammy&#039;s Hotel\" \/>\n<meta property=\"og:description\" content=\"At Sammy&#039;s Hotel, we aim to provide a secure, fast, and easy reservation experience. Below, you can find detailed information about payments made through our website and the confirmation process of your reservation. Our hotel accepts the following payment methods for online reservations: Credit Card Payment: You can securely make a one-time payment with any [&hellip;]\" \/>\n<meta property=\"og:url\" content=\"https:\/\/sammysotel.com\/tr\/payment-and-reservation-confirmation\/\" \/>\n<meta property=\"og:site_name\" content=\"Sammy&#039;s Hotel\" \/>\n<meta property=\"article:modified_time\" content=\"2025-10-27T15:33:25+00:00\" \/>\n<meta name=\"twitter:card\" content=\"summary_large_image\" \/>\n<meta name=\"twitter:label1\" content=\"Tahmini okuma s\u00fcresi\" \/>\n\t<meta name=\"twitter:data1\" content=\"3 dakika\" \/>\n<script type=\"application\/ld+json\" class=\"yoast-schema-graph\">{\"@context\":\"https:\/\/schema.org\",\"@graph\":[{\"@type\":\"WebPage\",\"@id\":\"https:\/\/sammysotel.com\/payment-and-reservation-confirmation\/\",\"url\":\"https:\/\/sammysotel.com\/payment-and-reservation-confirmation\/\",\"name\":\"Payment and Reservation Confirmation - Sammy&#039;s Hotel\",\"isPartOf\":{\"@id\":\"https:\/\/sammysotel.com\/#website\"},\"datePublished\":\"2025-10-27T15:33:24+00:00\",\"dateModified\":\"2025-10-27T15:33:25+00:00\",\"breadcrumb\":{\"@id\":\"https:\/\/sammysotel.com\/payment-and-reservation-confirmation\/#breadcrumb\"},\"inLanguage\":\"tr\",\"potentialAction\":[{\"@type\":\"ReadAction\",\"target\":[\"https:\/\/sammysotel.com\/payment-and-reservation-confirmation\/\"]}]},{\"@type\":\"BreadcrumbList\",\"@id\":\"https:\/\/sammysotel.com\/payment-and-reservation-confirmation\/#breadcrumb\",\"itemListElement\":[{\"@type\":\"ListItem\",\"position\":1,\"name\":\"Anasayfa\",\"item\":\"https:\/\/sammysotel.com\/\"},{\"@type\":\"ListItem\",\"position\":2,\"name\":\"Payment and Reservation Confirmation\"}]},{\"@type\":\"WebSite\",\"@id\":\"https:\/\/sammysotel.com\/#website\",\"url\":\"https:\/\/sammysotel.com\/\",\"name\":\"Sammys Hotel\",\"description\":\"Where Comfort and Elegance Embrace Every Stay\",\"publisher\":{\"@id\":\"https:\/\/sammysotel.com\/#organization\"},\"potentialAction\":[{\"@type\":\"SearchAction\",\"target\":{\"@type\":\"EntryPoint\",\"urlTemplate\":\"https:\/\/sammysotel.com\/?s={search_term_string}\"},\"query-input\":{\"@type\":\"PropertyValueSpecification\",\"valueRequired\":true,\"valueName\":\"search_term_string\"}}],\"inLanguage\":\"tr\"},{\"@type\":\"Organization\",\"@id\":\"https:\/\/sammysotel.com\/#organization\",\"name\":\"Sammys Hotel\",\"url\":\"https:\/\/sammysotel.com\/\",\"logo\":{\"@type\":\"ImageObject\",\"inLanguage\":\"tr\",\"@id\":\"https:\/\/sammysotel.com\/#\/schema\/logo\/image\/\",\"url\":\"https:\/\/sammysotel.com\/wp-content\/uploads\/2023\/08\/sammys-logo-white-02.png\",\"contentUrl\":\"https:\/\/sammysotel.com\/wp-content\/uploads\/2023\/08\/sammys-logo-white-02.png\",\"width\":636,\"height\":245,\"caption\":\"Sammys Hotel\"},\"image\":{\"@id\":\"https:\/\/sammysotel.com\/#\/schema\/logo\/image\/\"},\"sameAs\":[\"https:\/\/www.tripadvisor.com\/Hotel_Review-g190378-d602177-Reviews-Sammy_s_Hotel-Kyrenia_Kyrenia_District.html\"]}]}<\/script>\n<!-- \/ Yoast SEO plugin. -->","yoast_head_json":{"title":"Payment and Reservation Confirmation - Sammy&#039;s Hotel","robots":{"index":"index","follow":"follow","max-snippet":"max-snippet:-1","max-image-preview":"max-image-preview:large","max-video-preview":"max-video-preview:-1"},"canonical":"https:\/\/sammysotel.com\/tr\/payment-and-reservation-confirmation\/","og_locale":"tr_TR","og_type":"article","og_title":"Payment and Reservation Confirmation - Sammy&#039;s Hotel","og_description":"At Sammy's Hotel, we aim to provide a secure, fast, and easy reservation experience. Below, you can find detailed information about payments made through our website and the confirmation process of your reservation. Our hotel accepts the following payment methods for online reservations: Credit Card Payment: You can securely make a one-time payment with any [&hellip;]","og_url":"https:\/\/sammysotel.com\/tr\/payment-and-reservation-confirmation\/","og_site_name":"Sammy&#039;s Hotel","article_modified_time":"2025-10-27T15:33:25+00:00","twitter_card":"summary_large_image","twitter_misc":{"Tahmini okuma s\u00fcresi":"3 dakika"},"schema":{"@context":"https:\/\/schema.org","@graph":[{"@type":"WebPage","@id":"https:\/\/sammysotel.com\/payment-and-reservation-confirmation\/","url":"https:\/\/sammysotel.com\/payment-and-reservation-confirmation\/","name":"Payment and Reservation Confirmation - Sammy&#039;s Hotel","isPartOf":{"@id":"https:\/\/sammysotel.com\/#website"},"datePublished":"2025-10-27T15:33:24+00:00","dateModified":"2025-10-27T15:33:25+00:00","breadcrumb":{"@id":"https:\/\/sammysotel.com\/payment-and-reservation-confirmation\/#breadcrumb"},"inLanguage":"tr","potentialAction":[{"@type":"ReadAction","target":["https:\/\/sammysotel.com\/payment-and-reservation-confirmation\/"]}]},{"@type":"BreadcrumbList","@id":"https:\/\/sammysotel.com\/payment-and-reservation-confirmation\/#breadcrumb","itemListElement":[{"@type":"ListItem","position":1,"name":"Anasayfa","item":"https:\/\/sammysotel.com\/"},{"@type":"ListItem","position":2,"name":"Payment and Reservation Confirmation"}]},{"@type":"WebSite","@id":"https:\/\/sammysotel.com\/#website","url":"https:\/\/sammysotel.com\/","name":"Sammys Hotel","description":"Where Comfort and Elegance Embrace Every Stay","publisher":{"@id":"https:\/\/sammysotel.com\/#organization"},"potentialAction":[{"@type":"SearchAction","target":{"@type":"EntryPoint","urlTemplate":"https:\/\/sammysotel.com\/?s={search_term_string}"},"query-input":{"@type":"PropertyValueSpecification","valueRequired":true,"valueName":"search_term_string"}}],"inLanguage":"tr"},{"@type":"Organization","@id":"https:\/\/sammysotel.com\/#organization","name":"Sammys Hotel","url":"https:\/\/sammysotel.com\/","logo":{"@type":"ImageObject","inLanguage":"tr","@id":"https:\/\/sammysotel.com\/#\/schema\/logo\/image\/","url":"https:\/\/sammysotel.com\/wp-content\/uploads\/2023\/08\/sammys-logo-white-02.png","contentUrl":"https:\/\/sammysotel.com\/wp-content\/uploads\/2023\/08\/sammys-logo-white-02.png","width":636,"height":245,"caption":"Sammys Hotel"},"image":{"@id":"https:\/\/sammysotel.com\/#\/schema\/logo\/image\/"},"sameAs":["https:\/\/www.tripadvisor.com\/Hotel_Review-g190378-d602177-Reviews-Sammy_s_Hotel-Kyrenia_Kyrenia_District.html"]}]}},"_links":{"self":[{"href":"https:\/\/sammysotel.com\/tr\/wp-json\/wp\/v2\/pages\/4527","targetHints":{"allow":["GET"]}}],"collection":[{"href":"https:\/\/sammysotel.com\/tr\/wp-json\/wp\/v2\/pages"}],"about":[{"href":"https:\/\/sammysotel.com\/tr\/wp-json\/wp\/v2\/types\/page"}],"author":[{"embeddable":true,"href":"https:\/\/sammysotel.com\/tr\/wp-json\/wp\/v2\/users\/2"}],"replies":[{"embeddable":true,"href":"https:\/\/sammysotel.com\/tr\/wp-json\/wp\/v2\/comments?post=4527"}],"version-history":[{"count":1,"href":"https:\/\/sammysotel.com\/tr\/wp-json\/wp\/v2\/pages\/4527\/revisions"}],"predecessor-version":[{"id":4528,"href":"https:\/\/sammysotel.com\/tr\/wp-json\/wp\/v2\/pages\/4527\/revisions\/4528"}],"wp:attachment":[{"href":"https:\/\/sammysotel.com\/tr\/wp-json\/wp\/v2\/media?parent=4527"}],"curies":[{"name":"wp","href":"https:\/\/api.w.org\/{rel}","templated":true}]}}