{"id":4518,"date":"2025-10-27T17:00:46","date_gmt":"2025-10-27T15:00:46","guid":{"rendered":"https:\/\/sammysotel.com\/?page_id=4518"},"modified":"2025-10-27T17:00:46","modified_gmt":"2025-10-27T15:00:46","slug":"cancellation-and-reservation-policy","status":"publish","type":"page","link":"https:\/\/sammysotel.com\/tr\/cancellation-and-reservation-policy\/","title":{"rendered":"\u0130ptal Ve Rezervasyon Ko\u015fullar\u0131"},"content":{"rendered":"<h4 class=\"wp-block-heading\"><strong>GENEL KO\u015eULLAR<\/strong><\/h4>\n\n\n\n<p class=\" translation-block\">sammysotel.com web sitesi \u00fczerinden elektronik ortamda rezervasyon yapt\u0131\u011f\u0131n\u0131zda, size sunulan \u00f6n bilgilendirme formunu ve mesafeli sat\u0131\u015f s\u00f6zle\u015fmesini kabul etmi\u015f say\u0131l\u0131rs\u0131n\u0131z. Web sitemiz \u00fczerinden yap\u0131lan t\u00fcm rezervasyonlar, 6502 say\u0131l\u0131 T\u00fcketicinin Korunmas\u0131 Hakk\u0131nda Kanun ve Mesafeli S\u00f6zle\u015fmeler Y\u00f6netmeli\u011fi (RG:27.11.2014\/29188) h\u00fck\u00fcmlerine tabidir.<\/p>\n\n\n\n<p>Rezervasyon i\u015flemini tamamlayan misafirlerimiz, a\u015fa\u011f\u0131da belirtilen t\u00fcm ko\u015fullar\u0131 okumu\u015f, anlam\u0131\u015f ve kabul etmi\u015f say\u0131l\u0131r.<\/p>\n\n\n\n<hr class=\"wp-block-separator has-alpha-channel-opacity\"\/>\n\n\n\n<h4 class=\"wp-block-heading\"><strong>\u0130ADES\u0130Z REZERVASYON POL\u0130T\u0130KASI<\/strong><\/h4>\n\n\n\n<p class=\" translation-block\">Otelimiz, online platformlar \u00fczerinden yap\u0131lan t\u00fcm rezervasyonlar\u0131 \"\u0130ADES\u0130Z\" ko\u015fulu ile, \u00f6zel indirimli bir fiyattan kabul etmektedir. Bu politika uyar\u0131nca;<\/p>\n\n\n\n<ul class=\"wp-block-list\">\n<li>Rezervasyonun M\u00fc\u015fteri taraf\u0131ndan herhangi bir sebeple iptal edilmesi durumunda, \u00f6denmi\u015f olan toplam konaklama bedeli hi\u00e7bir ko\u015ful alt\u0131nda iade edilmez.<\/li>\n\n\n\n<li>Rezervasyon tarihlerinde otele giri\u015f yap\u0131lmamas\u0131 durumunda, konaklama bedeli iade edilmez ve rezervasyon otomatik olarak iptal edilir.<\/li>\n\n\n\n<li>Konaklama ba\u015flad\u0131ktan sonra M\u00fc\u015fteri'nin otelden erken ayr\u0131lmas\u0131 durumunda, kullan\u0131lmayan geceler i\u00e7in \u00fccret iadesi yap\u0131lmaz.<\/li>\n\n\n\n<li>M\u00fc\u015fteri, rezervasyon i\u015flemini tamamlarken bu \"\u0130adesiz\" ko\u015fulu pe\u015finen ve gayrikabili r\u00fccu olarak kabul etti\u011fini beyan eder.<\/li>\n<\/ul>\n\n\n\n<hr class=\"wp-block-separator has-alpha-channel-opacity\"\/>\n\n\n\n<h4 class=\"wp-block-heading\"><strong>YASAL DAYANAK: CAYMA HAKKI \u0130ST\u0130SNASI<\/strong><\/h4>\n\n\n\n<p class=\" translation-block\">6502 say\u0131l\u0131 T\u00fcketicinin Korunmas\u0131 Hakk\u0131nda Kanun'a ba\u011fl\u0131 Mesafeli S\u00f6zle\u015fmeler Y\u00f6netmeli\u011fi'nin \"Cayma Hakk\u0131n\u0131n \u0130stisnalar\u0131\" ba\u015fl\u0131kl\u0131 15. maddesinin (g) bendi uyar\u0131nca, \"Belirli bir tarihte veya d\u00f6nemde yap\u0131lmas\u0131 gereken, konaklama, e\u015fya ta\u015f\u0131ma, araba kiralama, yiyecek-i\u00e7ecek tedariki ve e\u011flence veya dinlenme amac\u0131yla yap\u0131lan bo\u015f zaman\u0131n de\u011ferlendirilmesine ili\u015fkin s\u00f6zle\u015fmelerde\" t\u00fcketicinin cayma hakk\u0131 bulunmamaktad\u0131r.<\/p>\n\n\n\n<p class=\" translation-block\">Bu yasal d\u00fczenleme gere\u011fi, otel konaklama hizmetleri cayma hakk\u0131n\u0131n istisnalar\u0131 kapsam\u0131ndad\u0131r ve M\u00fc\u015fteri'nin rezervasyonu onaylad\u0131ktan sonra cayma hakk\u0131 bulunmamaktad\u0131r.<\/p>\n\n\n\n<hr class=\"wp-block-separator has-alpha-channel-opacity\"\/>\n\n\n\n<h4 class=\"wp-block-heading\"><strong>REZERVASYON DE\u011e\u0130\u015e\u0130KL\u0130K TALEPLER\u0130<\/strong><\/h4>\n\n\n\n<p class=\" translation-block\">Rezervasyon tarihlerinde de\u011fi\u015fiklik yap\u0131lmas\u0131 talepleri, otelimizin m\u00fcsaitlik durumuna g\u00f6re de\u011ferlendirilir ve otel y\u00f6netiminin inisiyatifindedir. De\u011fi\u015fiklik talebinin onaylanmas\u0131 garanti edilmez. Onaylanmas\u0131 durumunda, yeni tarihlerdeki fiyatland\u0131rmadan kaynaklanabilecek olas\u0131 fiyat farklar\u0131 M\u00fc\u015fteri taraf\u0131ndan kar\u015f\u0131lan\u0131r.<\/p>\n\n\n\n<hr class=\"wp-block-separator has-alpha-channel-opacity\"\/>\n\n\n\n<h4 class=\"wp-block-heading\"><strong>M\u00dcCB\u0130R SEBEPLER<\/strong><\/h4>\n\n\n\n<p class=\" translation-block\">Otel'in kontrol\u00fc d\u0131\u015f\u0131nda geli\u015fen ve hizmet vermesini engelleyen m\u00fccbir sebepler (do\u011fal afetler, sava\u015f, ter\u00f6r eylemleri, salg\u0131n hastal\u0131klar, grev ve lokavt gibi \u00f6ng\u00f6r\u00fclemeyen durumlar) olu\u015fmas\u0131 halinde, Otel hizmeti ifa edemeyebilir. Bu durumda M\u00fc\u015fteri, \u00f6dedi\u011fi \u00fccretin tamam\u0131n\u0131n iadesini veya rezervasyonunu Otel'in belirleyece\u011fi ileri bir tarihe erteleme hakk\u0131na sahiptir. Bu madde, M\u00fc\u015fteri kaynakl\u0131 iptaller i\u00e7in ge\u00e7erli de\u011fildir.<\/p>\n\n\n\n<hr class=\"wp-block-separator has-alpha-channel-opacity\"\/>\n\n\n\n<h4 class=\"wp-block-heading\"><strong>\u00d6DEME VE REZERVASYONUN KES\u0130NLE\u015eMES\u0130<\/strong><\/h4>\n\n\n\n<p class=\" translation-block\">Rezervasyonunuz, toplam konaklama bedelinin tamam\u0131n\u0131n kredi kart\u0131 veya banka havalesi\/EFT yoluyla \u00f6denmesiyle kesinle\u015fir. M\u00fc\u015fteri, konaklama bedelini \u00f6demez veya banka kay\u0131tlar\u0131nda iptal ederse, Otel'in hizmet sa\u011flama y\u00fck\u00fcml\u00fcl\u00fc\u011f\u00fc ortadan kalkar ve Otel rezervasyonu tek tarafl\u0131 iptal etme hakk\u0131n\u0131 sakl\u0131 tutar.<\/p>\n\n\n\n<hr class=\"wp-block-separator has-alpha-channel-opacity\"\/>\n\n\n\n<h4 class=\"wp-block-heading\"><strong>KRED\u0130 KARTININ YETK\u0130S\u0130Z KULLANIMI<\/strong><\/h4>\n\n\n\n<p class=\" translation-block\">Konaklama hizmeti al\u0131nd\u0131ktan sonra, M\u00fc\u015fteri'nin \u00f6deme yapt\u0131\u011f\u0131 kredi kart\u0131n\u0131n yetkisiz ki\u015filer taraf\u0131ndan haks\u0131z olarak kullan\u0131ld\u0131\u011f\u0131 tespit edilirse ve konaklama bedeli ilgili banka veya finans kurulu\u015fu taraf\u0131ndan Otel'e \u00f6denmez ise, M\u00fc\u015fteri konaklama bedelinden ve do\u011facak her t\u00fcrl\u00fc zarardan \u015fahsen sorumlu oldu\u011funu kabul eder.<\/p>\n\n\n\n<hr class=\"wp-block-separator has-alpha-channel-opacity\"\/>\n\n\n\n<h4 class=\"wp-block-heading\"><strong>\u0130LET\u0130\u015e\u0130M B\u0130LG\u0130LER\u0130<\/strong><\/h4>\n\n\n\n<p>\u0130ptal ve rezervasyon ko\u015fullar\u0131 ile ilgili her t\u00fcrl\u00fc sorunuz i\u00e7in a\u015fa\u011f\u0131daki bilgiler \u00fczerinden bizimle ileti\u015fime ge\u00e7ebilirsiniz:<\/p>\n\n\n\n<p><strong>Firma Unvan\u0131: <\/strong>Sammy &amp; Sally Trading Limited (Sammy\u2019s Hotel)<br><strong>Adres:<\/strong> \u00d6mer Sami Co\u015far St. 7, Kyrenia\/North Cyprus, 99300<br><strong>E-posta:<\/strong> <a>info@sammysotel.com<\/a><br><strong>Telefon:<\/strong> +90 (392) 815 62 79<\/p>","protected":false},"excerpt":{"rendered":"<p>GENERAL TERMS When you make a reservation electronically through the website sammysotel.com, you are deemed to have accepted the pre-information form and the distance sales agreement presented to you.All reservations made through our website are subject to the provisions of the Consumer Protection Law No. 6502 and the Distance Contracts Regulation (Official Gazette: 27.11.2014\/29188). Guests [&hellip;]<\/p>","protected":false},"author":2,"featured_media":0,"parent":0,"menu_order":0,"comment_status":"closed","ping_status":"closed","template":"","meta":{"_themeisle_gutenberg_block_has_review":false,"footnotes":""},"class_list":["post-4518","page","type-page","status-publish","hentry"],"yoast_head":"<!-- This site is optimized with the Yoast SEO plugin v26.1.1 - https:\/\/yoast.com\/wordpress\/plugins\/seo\/ -->\n<title>Cancellation and Reservation Policy - Sammy&#039;s Hotel<\/title>\n<meta name=\"robots\" content=\"index, follow, max-snippet:-1, max-image-preview:large, max-video-preview:-1\" \/>\n<link rel=\"canonical\" href=\"https:\/\/sammysotel.com\/tr\/cancellation-and-reservation-policy\/\" \/>\n<meta property=\"og:locale\" content=\"tr_TR\" \/>\n<meta property=\"og:type\" content=\"article\" \/>\n<meta property=\"og:title\" content=\"Cancellation and Reservation Policy - Sammy&#039;s Hotel\" \/>\n<meta property=\"og:description\" content=\"GENERAL TERMS When you make a reservation electronically through the website sammysotel.com, you are deemed to have accepted the pre-information form and the distance sales agreement presented to you.All reservations made through our website are subject to the provisions of the Consumer Protection Law No. 6502 and the Distance Contracts Regulation (Official Gazette: 27.11.2014\/29188). Guests [&hellip;]\" \/>\n<meta property=\"og:url\" content=\"https:\/\/sammysotel.com\/tr\/cancellation-and-reservation-policy\/\" \/>\n<meta property=\"og:site_name\" content=\"Sammy&#039;s Hotel\" \/>\n<meta name=\"twitter:card\" content=\"summary_large_image\" \/>\n<meta name=\"twitter:label1\" content=\"Tahmini okuma s\u00fcresi\" \/>\n\t<meta name=\"twitter:data1\" content=\"4 dakika\" \/>\n<script type=\"application\/ld+json\" class=\"yoast-schema-graph\">{\"@context\":\"https:\/\/schema.org\",\"@graph\":[{\"@type\":\"WebPage\",\"@id\":\"https:\/\/sammysotel.com\/cancellation-and-reservation-policy\/\",\"url\":\"https:\/\/sammysotel.com\/cancellation-and-reservation-policy\/\",\"name\":\"Cancellation and Reservation Policy - Sammy&#039;s Hotel\",\"isPartOf\":{\"@id\":\"https:\/\/sammysotel.com\/#website\"},\"datePublished\":\"2025-10-27T15:00:46+00:00\",\"breadcrumb\":{\"@id\":\"https:\/\/sammysotel.com\/cancellation-and-reservation-policy\/#breadcrumb\"},\"inLanguage\":\"tr\",\"potentialAction\":[{\"@type\":\"ReadAction\",\"target\":[\"https:\/\/sammysotel.com\/cancellation-and-reservation-policy\/\"]}]},{\"@type\":\"BreadcrumbList\",\"@id\":\"https:\/\/sammysotel.com\/cancellation-and-reservation-policy\/#breadcrumb\",\"itemListElement\":[{\"@type\":\"ListItem\",\"position\":1,\"name\":\"Anasayfa\",\"item\":\"https:\/\/sammysotel.com\/\"},{\"@type\":\"ListItem\",\"position\":2,\"name\":\"Cancellation and Reservation Policy\"}]},{\"@type\":\"WebSite\",\"@id\":\"https:\/\/sammysotel.com\/#website\",\"url\":\"https:\/\/sammysotel.com\/\",\"name\":\"Sammys Hotel\",\"description\":\"Where Comfort and Elegance Embrace Every Stay\",\"publisher\":{\"@id\":\"https:\/\/sammysotel.com\/#organization\"},\"potentialAction\":[{\"@type\":\"SearchAction\",\"target\":{\"@type\":\"EntryPoint\",\"urlTemplate\":\"https:\/\/sammysotel.com\/?s={search_term_string}\"},\"query-input\":{\"@type\":\"PropertyValueSpecification\",\"valueRequired\":true,\"valueName\":\"search_term_string\"}}],\"inLanguage\":\"tr\"},{\"@type\":\"Organization\",\"@id\":\"https:\/\/sammysotel.com\/#organization\",\"name\":\"Sammys Hotel\",\"url\":\"https:\/\/sammysotel.com\/\",\"logo\":{\"@type\":\"ImageObject\",\"inLanguage\":\"tr\",\"@id\":\"https:\/\/sammysotel.com\/#\/schema\/logo\/image\/\",\"url\":\"https:\/\/sammysotel.com\/wp-content\/uploads\/2023\/08\/sammys-logo-white-02.png\",\"contentUrl\":\"https:\/\/sammysotel.com\/wp-content\/uploads\/2023\/08\/sammys-logo-white-02.png\",\"width\":636,\"height\":245,\"caption\":\"Sammys Hotel\"},\"image\":{\"@id\":\"https:\/\/sammysotel.com\/#\/schema\/logo\/image\/\"},\"sameAs\":[\"https:\/\/www.tripadvisor.com\/Hotel_Review-g190378-d602177-Reviews-Sammy_s_Hotel-Kyrenia_Kyrenia_District.html\"]}]}<\/script>\n<!-- \/ Yoast SEO plugin. -->","yoast_head_json":{"title":"Cancellation and Reservation Policy - Sammy&#039;s Hotel","robots":{"index":"index","follow":"follow","max-snippet":"max-snippet:-1","max-image-preview":"max-image-preview:large","max-video-preview":"max-video-preview:-1"},"canonical":"https:\/\/sammysotel.com\/tr\/cancellation-and-reservation-policy\/","og_locale":"tr_TR","og_type":"article","og_title":"Cancellation and Reservation Policy - Sammy&#039;s Hotel","og_description":"GENERAL TERMS When you make a reservation electronically through the website sammysotel.com, you are deemed to have accepted the pre-information form and the distance sales agreement presented to you.All reservations made through our website are subject to the provisions of the Consumer Protection Law No. 6502 and the Distance Contracts Regulation (Official Gazette: 27.11.2014\/29188). Guests [&hellip;]","og_url":"https:\/\/sammysotel.com\/tr\/cancellation-and-reservation-policy\/","og_site_name":"Sammy&#039;s Hotel","twitter_card":"summary_large_image","twitter_misc":{"Tahmini okuma s\u00fcresi":"4 dakika"},"schema":{"@context":"https:\/\/schema.org","@graph":[{"@type":"WebPage","@id":"https:\/\/sammysotel.com\/cancellation-and-reservation-policy\/","url":"https:\/\/sammysotel.com\/cancellation-and-reservation-policy\/","name":"Cancellation and Reservation Policy - Sammy&#039;s Hotel","isPartOf":{"@id":"https:\/\/sammysotel.com\/#website"},"datePublished":"2025-10-27T15:00:46+00:00","breadcrumb":{"@id":"https:\/\/sammysotel.com\/cancellation-and-reservation-policy\/#breadcrumb"},"inLanguage":"tr","potentialAction":[{"@type":"ReadAction","target":["https:\/\/sammysotel.com\/cancellation-and-reservation-policy\/"]}]},{"@type":"BreadcrumbList","@id":"https:\/\/sammysotel.com\/cancellation-and-reservation-policy\/#breadcrumb","itemListElement":[{"@type":"ListItem","position":1,"name":"Anasayfa","item":"https:\/\/sammysotel.com\/"},{"@type":"ListItem","position":2,"name":"Cancellation and Reservation Policy"}]},{"@type":"WebSite","@id":"https:\/\/sammysotel.com\/#website","url":"https:\/\/sammysotel.com\/","name":"Sammys Hotel","description":"Where Comfort and Elegance Embrace Every Stay","publisher":{"@id":"https:\/\/sammysotel.com\/#organization"},"potentialAction":[{"@type":"SearchAction","target":{"@type":"EntryPoint","urlTemplate":"https:\/\/sammysotel.com\/?s={search_term_string}"},"query-input":{"@type":"PropertyValueSpecification","valueRequired":true,"valueName":"search_term_string"}}],"inLanguage":"tr"},{"@type":"Organization","@id":"https:\/\/sammysotel.com\/#organization","name":"Sammys Hotel","url":"https:\/\/sammysotel.com\/","logo":{"@type":"ImageObject","inLanguage":"tr","@id":"https:\/\/sammysotel.com\/#\/schema\/logo\/image\/","url":"https:\/\/sammysotel.com\/wp-content\/uploads\/2023\/08\/sammys-logo-white-02.png","contentUrl":"https:\/\/sammysotel.com\/wp-content\/uploads\/2023\/08\/sammys-logo-white-02.png","width":636,"height":245,"caption":"Sammys Hotel"},"image":{"@id":"https:\/\/sammysotel.com\/#\/schema\/logo\/image\/"},"sameAs":["https:\/\/www.tripadvisor.com\/Hotel_Review-g190378-d602177-Reviews-Sammy_s_Hotel-Kyrenia_Kyrenia_District.html"]}]}},"_links":{"self":[{"href":"https:\/\/sammysotel.com\/tr\/wp-json\/wp\/v2\/pages\/4518","targetHints":{"allow":["GET"]}}],"collection":[{"href":"https:\/\/sammysotel.com\/tr\/wp-json\/wp\/v2\/pages"}],"about":[{"href":"https:\/\/sammysotel.com\/tr\/wp-json\/wp\/v2\/types\/page"}],"author":[{"embeddable":true,"href":"https:\/\/sammysotel.com\/tr\/wp-json\/wp\/v2\/users\/2"}],"replies":[{"embeddable":true,"href":"https:\/\/sammysotel.com\/tr\/wp-json\/wp\/v2\/comments?post=4518"}],"version-history":[{"count":1,"href":"https:\/\/sammysotel.com\/tr\/wp-json\/wp\/v2\/pages\/4518\/revisions"}],"predecessor-version":[{"id":4519,"href":"https:\/\/sammysotel.com\/tr\/wp-json\/wp\/v2\/pages\/4518\/revisions\/4519"}],"wp:attachment":[{"href":"https:\/\/sammysotel.com\/tr\/wp-json\/wp\/v2\/media?parent=4518"}],"curies":[{"name":"wp","href":"https:\/\/api.w.org\/{rel}","templated":true}]}}